{"id":1025,"date":"2019-06-27T16:22:15","date_gmt":"2019-06-27T16:22:15","guid":{"rendered":"https:\/\/legendppfbaltic.eu\/?page_id=1025"},"modified":"2022-10-14T16:11:08","modified_gmt":"2022-10-14T16:11:08","slug":"about","status":"publish","type":"page","link":"https:\/\/legendppfbaltic.eu\/et\/about\/","title":{"rendered":"FIRMA"},"content":{"rendered":"\t\t<div data-elementor-type=\"wp-page\" data-elementor-id=\"1025\" class=\"elementor elementor-1025 elementor-bc-flex-widget\">\n\t\t\t\t\t\t<section class=\"elementor-section elementor-top-section elementor-element elementor-element-11f15c29 elementor-section-boxed elementor-section-height-default elementor-section-height-default\" data-id=\"11f15c29\" data-element_type=\"section\" data-e-type=\"section\">\n\t\t\t\t\t\t<div class=\"elementor-container elementor-column-gap-default\">\n\t\t\t\t\t<div class=\"elementor-column elementor-col-100 elementor-top-column elementor-element elementor-element-7ebbe7e0\" data-id=\"7ebbe7e0\" data-element_type=\"column\" data-e-type=\"column\">\n\t\t\t<div class=\"elementor-widget-wrap elementor-element-populated\">\n\t\t\t\t\t\t<div class=\"elementor-element elementor-element-1ad324e0 elementor-widget elementor-widget-text-editor\" data-id=\"1ad324e0\" data-element_type=\"widget\" data-e-type=\"widget\" data-widget_type=\"text-editor.default\">\n\t\t\t\t<div class=\"elementor-widget-container\">\n\t\t\t\t\t\t\t\t\t<p><\/p>\n<h2 class=\"wp-block-heading\">Firma on asutatud 2018.aastal haru ekspertide poolt.<\/h2>\n<p><\/p>\n<p><\/p>\n<p>LEGEND\u00ae Paint Protection kaubam\u00e4rk oli asutatud 2018.aastal haru mitme eksperdi poolt eesm\u00e4rgiga toota k\u00f5rgeima kvaliteedi ga ja suurep\u00e4raste tehniliste omadustega tooteid. Meie eesm\u00e4rk\u00a0 &#8211; orienteeruda kaasaegsele kliendibaasile, mis n\u00f5uab k\u00f5ige teravama t\u00e4helepanu toodangu detailidele ja omadustele ning klientide teenindamise tasemele.<\/p>\n<p><\/p>\n<p><\/p>\n<h2 class=\"wp-block-heading\">Tehtud USA-s<\/h2>\n<p><\/p>\n<p><\/p>\n<p>LEGEND\u00ae Paint Protection Film peakorter asub Indiana osariigis. Meie tooteid toodetakse Ameerika \u00dchendriikides, kasutades k\u00f5rgeima kvaliteediga optiliselt l\u00e4bipaistva alifaatilist pol\u00fcuretaanist kilet.<\/p>\n<p><\/p>\n<p><\/p>\n<div class=\"is-layout-flex wp-container-core-columns-is-layout-9d6595d7 wp-block-columns-is-layout-flex\">\n<p><\/p>\n<div class=\"is-layout-flow wp-block-column-is-layout-flow\">\n<p><\/p>\n<div>\n<figure><img decoding=\"async\" src=\"http:\/\/legendppf.com\/wp-content\/uploads\/ppf-manufacturing.jpg\" alt=\"ppf-manufacturing\" \/><\/figure>\n<\/div>\n<p><\/p>\n<\/div>\n<p><\/p>\n<p><\/p>\n<div class=\"is-layout-flow wp-block-column-is-layout-flow\">\n<p><\/p>\n<div>\n<figure><img decoding=\"async\" src=\"http:\/\/legendppf.com\/wp-content\/uploads\/ppf-manufacturing-5.jpg\" alt=\"ppf-manufacturing\" \/><\/figure>\n<\/div>\n<p><\/p>\n<p><\/p>\n<p><\/p>\n<\/div>\n<p><\/p>\n<\/div>\n<p><\/p>\n<p><\/p>\n<h2 class=\"wp-block-heading\">Parimad omadused<\/h2>\n<p><\/p>\n<p><\/p>\n<p>Omas klassis parimad ja teaduslikult p\u00f5hjendatud koostisosadega meie toote omadused on loomulikud.\u00a0 LEGEND\u00ae Paint Protection meeskond valis liimi ja katte vaid k\u00f5ige efektiivsemad komponendid meie koostistele. T\u00e4nu komponentide\u00a0 massi \/ kulu t\u00e4psele kontrollile v\u00f5ime me saavutada \u00fcletamatu koosk\u00f5la toote \u00fchelt partiilt teisele.<\/p>\n<p><\/p>\n<p><\/p>\n<h2 class=\"wp-block-heading\">Tootmisruumid<\/h2>\n<p><\/p>\n<p><\/p>\n<p>K\u00f5ik meie tootmisega seotud operatsioonid teostatakse \u00f5hu filtratsiooniga klimaatiliselt puhastes ruumides, mis aitab v\u00e4ltida toote reostumise k\u00f5igil tootmisetappidel.<\/p>\n<p><\/p>\n<p><\/p>\n<div class=\"is-layout-flex wp-container-core-columns-is-layout-9d6595d7 wp-block-columns-is-layout-flex\">\n<p><\/p>\n<div class=\"is-layout-flow wp-block-column-is-layout-flow\">\n<p><\/p>\n<div>\n<figure><img decoding=\"async\" src=\"http:\/\/legendppf.com\/wp-content\/uploads\/warehouse-1.jpg\" alt=\"warehouse\" \/><\/figure>\n<\/div>\n<p><\/p>\n<p><\/p>\n<p><\/p>\n<\/div>\n<p><\/p>\n<p><\/p>\n<div class=\"is-layout-flow wp-block-column-is-layout-flow\">\n<p><\/p>\n<div>\n<figure><img decoding=\"async\" src=\"http:\/\/legendppf.com\/wp-content\/uploads\/warehouse-2.jpg\" alt=\"warehouse\" \/><\/figure>\n<\/div>\n<p><\/p>\n<p><\/p>\n<p><\/p>\n<\/div>\n<p><\/p>\n<\/div>\n<p><\/p>\n<p><\/p>\n<h2 class=\"wp-block-heading\">Kvaliteedi kontroll<\/h2>\n<p><\/p>\n<p><\/p>\n<p>Terve hulga meie toodangu tootlikkuse, pikaajalisuse ja v\u00e4lisilmega seotud parameetreid m\u00f5\u00f5detakse ja registreeritakse. Me t\u00f6\u00f6tasime v\u00e4lja ja juurutasime kvaliteedi Juhtimiss\u00fcsteemi, mis lubab meie organisatsioonile dokumenteerida ning t\u00e4iustada protsesse klientide vajaduste ja ootuste paremaks rahuldamiseks. Kvaliteedi kontrollis\u00fcsteem garanteerib, et k\u00f5ik ajutised ja p\u00fcsit\u00f6\u00f6tajad ning lepingulised partnerid saavad nii firma kui kliendi kvaliteedi n\u00f5uetest aru.<\/p>\n<p><\/p>\n<p><\/p>\n<h2 class=\"wp-block-heading\">Kaubad<\/h2>\n<p><\/p>\n<p><\/p>\n<p>LEGEND\u00ae tooted on v\u00e4ljat\u00f6\u00f6tatud auto-, aerokosmilise, transpordi- ja energeetilise t\u00f6\u00f6stuse k\u00f5ige karmimaid n\u00f5udeid arvestades. K\u00e4esoleval ajal pakume me kaks maailma tasemega toodet ning t\u00f6\u00f6tame meie toodangu sortimendi\u00a0 laiendamise kallal l\u00e4hitulevikus.<\/p>\n<p><\/p>\t\t\t\t\t\t\t\t<\/div>\n\t\t\t\t<\/div>\n\t\t\t\t\t<\/div>\n\t\t<\/div>\n\t\t\t\t\t<\/div>\n\t\t<\/section>\n\t\t\t\t<\/div>\n\t\t","protected":false},"excerpt":{"rendered":"<p>Firma on asutatud 2018.aastal haru ekspertide poolt. LEGEND\u00ae Paint Protection kaubam\u00e4rk oli asutatud 2018.aastal haru mitme eksperdi poolt eesm\u00e4rgiga toota k\u00f5rgeima kvaliteedi ga ja suurep\u00e4raste tehniliste omadustega tooteid. Meie eesm\u00e4rk\u00a0 &#8211; orienteeruda kaasaegsele kliendibaasile, mis n\u00f5uab k\u00f5ige teravama t\u00e4helepanu toodangu detailidele ja omadustele ning klientide teenindamise tasemele. Tehtud USA-s LEGEND\u00ae Paint Protection Film peakorter asub [&hellip;]<\/p>\n","protected":false},"author":2,"featured_media":0,"parent":0,"menu_order":0,"comment_status":"closed","ping_status":"closed","template":"","meta":{"footnotes":""},"class_list":{"0":"post-1025","1":"page","2":"type-page","3":"status-publish","5":"entry"},"_links":{"self":[{"href":"https:\/\/legendppfbaltic.eu\/et\/wp-json\/wp\/v2\/pages\/1025","targetHints":{"allow":["GET"]}}],"collection":[{"href":"https:\/\/legendppfbaltic.eu\/et\/wp-json\/wp\/v2\/pages"}],"about":[{"href":"https:\/\/legendppfbaltic.eu\/et\/wp-json\/wp\/v2\/types\/page"}],"author":[{"embeddable":true,"href":"https:\/\/legendppfbaltic.eu\/et\/wp-json\/wp\/v2\/users\/2"}],"replies":[{"embeddable":true,"href":"https:\/\/legendppfbaltic.eu\/et\/wp-json\/wp\/v2\/comments?post=1025"}],"version-history":[{"count":4,"href":"https:\/\/legendppfbaltic.eu\/et\/wp-json\/wp\/v2\/pages\/1025\/revisions"}],"predecessor-version":[{"id":1030,"href":"https:\/\/legendppfbaltic.eu\/et\/wp-json\/wp\/v2\/pages\/1025\/revisions\/1030"}],"wp:attachment":[{"href":"https:\/\/legendppfbaltic.eu\/et\/wp-json\/wp\/v2\/media?parent=1025"}],"curies":[{"name":"wp","href":"https:\/\/api.w.org\/{rel}","templated":true}]}}