{"id":1047,"date":"2019-06-28T15:57:42","date_gmt":"2019-06-28T15:57:42","guid":{"rendered":"https:\/\/legendppfbaltic.eu\/?page_id=1047"},"modified":"2022-10-16T15:12:24","modified_gmt":"2022-10-16T15:12:24","slug":"ppf-prime-laige","status":"publish","type":"page","link":"https:\/\/legendppfbaltic.eu\/et\/ppf-prime-laige\/","title":{"rendered":"PPF Prime L\u00e4ige"},"content":{"rendered":"<p><\/p>\n<p><a href=\"https:\/\/legendppf.com\/wp-content\/uploads\/LEGEND-PPF-Prime-NO-Cap-Technical-Data-Sheet-Rev3-1.pdf\"><i><\/i> &nbsp; PPF Prime no Cap Sheet TDS<\/a><br><a href=\"https:\/\/legendppf.com\/wp-content\/uploads\/LEGEND-PPF-Prime-Cap-Technical-Data-Sheet-Rev3-1.pdf\"><i><\/i> &nbsp; PPF Prime with Cap Sheet TDS<\/a><\/p>\n<p><\/p>\n<p><\/p>\n<p>Kaitsekilede tootmise paljuaastasele kogemusele tuginedes on LEGEND\u00ae Paint Protection Film loodud kaitseks kivide, putukate, liiva, soola ja teiste ohtude eest, mis v\u00f5ivad kahjustada teie uue auto v\u00e4rvi. <br><br>Meie premiaalne pakkumine \u2014 PPF \u041f\u0440\u0430\u0439\u043c kile on praktiliselt n\u00e4htamatu ja kaitseb teie v\u00e4rvi igas klimaatilises tsoonis igasuguste ilmastikuolude puhul. Lisaks suurep\u00e4rastele kaitse- ja visuaalsetele omadustele pakub LEGEND\u00ae PPF Prime sari k\u00f5ige keerulistele n\u00f5uetele vastavat ja tehnilist hooldust mitte vajavat universaalset paigaldust. Selle toote silmapaistvate eelistuste seas on:<br><\/p>\n<p><\/p>\n<p><\/p>\n<ul class=\"wp-block-list\">\n<li style=\"margin: 0cm 0cm 8pt; line-height: normal; font-size: 11pt; font-family: Calibri; background-image: initial; background-position: initial; background-size: initial; background-repeat: initial; background-attachment: initial; background-origin: initial; background-clip: initial;\">K\u00f5rge l\u00e4bipaistvus<o:p><\/o:p><\/li>\n<li style=\"margin: 0cm 0cm 8pt; line-height: normal; font-size: 11pt; font-family: Calibri; background-image: initial; background-position: initial; background-size: initial; background-repeat: initial; background-attachment: initial; background-origin: initial; background-clip: initial;\">Paigaldamise erakordne lihtsus<o:p><\/o:p><\/li>\n<li style=\"margin: 0cm 0cm 8pt; line-height: normal; font-size: 11pt; font-family: Calibri; background-image: initial; background-position: initial; background-size: initial; background-repeat: initial; background-attachment: initial; background-origin: initial; background-clip: initial;\">Vastupidavus kriimustustele ja plekkidele<o:p><\/o:p><\/li>\n<li style=\"margin: 0cm 0cm 8pt; line-height: normal; font-size: 11pt; font-family: Calibri; background-image: initial; background-position: initial; background-size: initial; background-repeat: initial; background-attachment: initial; background-origin: initial; background-clip: initial;\">Suurep\u00e4rane vastupidavus kollastumisele<o:p><\/o:p><\/li>\n<li style=\"margin: 0cm 0cm 8pt; line-height: normal; font-size: 11pt; font-family: Calibri; background-image: initial; background-position: initial; background-size: initial; background-repeat: initial; background-attachment: initial; background-origin: initial; background-clip: initial;\">Isejoonduv h\u00fcdrofoobne tasapind<o:p><\/o:p><\/li>\n<li style=\"margin: 0cm 0cm 8pt; line-height: normal; font-size: 11pt; font-family: Calibri; background-image: initial; background-position: initial; background-size: initial; background-repeat: initial; background-attachment: initial; background-origin: initial; background-clip: initial;\">Pikaajaline l\u00e4ige ja puhtus<o:p><\/o:p><\/li>\n<li style=\"margin: 0cm 0cm 8pt; line-height: normal; font-size: 11pt; font-family: Calibri; background-image: initial; background-position: initial; background-size: initial; background-repeat: initial; background-attachment: initial; background-origin: initial; background-clip: initial;\">\u00dcletamatu pikaajalisus<o:p><\/o:p><\/li>\n<li style=\"margin: 0cm 0cm 8pt; line-height: normal; font-size: 11pt; font-family: Calibri; background-image: initial; background-position: initial; background-size: initial; background-repeat: initial; background-attachment: initial; background-origin: initial; background-clip: initial;\">Eestvedav 12-aastane garantii harus *<o:p><\/o:p><\/li>\n<\/ul>\n<p><\/p>\n<p><\/p>\n<figure>\n<table>\n<tbody>\n<tr>\n<td><b>F\u00fc\u00fcsilised omadused<\/b><br><\/td>\n<td><\/td>\n<td><\/td>\n<td><\/td>\n<\/tr>\n<tr>\n<td><b>Test\u00fclesanne<\/b><br><\/td>\n<td><b>V\u00e4\u00e4rtus<\/b><br><\/td>\n<td><b>Standart<\/b><br><\/td>\n<td><\/td>\n<\/tr>\n<tr>\n<td>Vastupidavuse piirv\u00e4\u00e4rtus<\/td>\n<td>8200psi<\/td>\n<td>ASTM D882<\/td>\n<td><\/td>\n<\/tr>\n<tr>\n<td>Pikenemine katkimineku korral<\/td>\n<td>450%<\/td>\n<td>ASTM D882<\/td>\n<td><\/td>\n<\/tr>\n<tr>\n<td>Adgesiivne j\u00f5ud<\/td>\n<td>7.8-10.6 lbs\/in<\/td>\n<td>ASTM 3330<\/td>\n<td><\/td>\n<\/tr>\n<\/tbody>\n<\/table>\n<\/figure>\n<p><\/p>\n<p><\/p>\n<p class=\"is-layout-flex wp-container-core-columns-is-layout-9d6595d7 wp-block-columns-is-layout-flex\"><\/p>\n<p class=\"is-layout-flow wp-block-column-is-layout-flow\"><\/p>\n<h4 class=\"wp-block-heading\">LEGEND PPF Prime (ilma teise lainerita) Konstruktsiooni detailid :<\/h4>\n<p><\/p>\n<p><\/p>\n<figure><a href=\"http:\/\/legendppf.com\/wp-content\/uploads\/ppf-prime-a-1.jpg\"><img decoding=\"async\" src=\"http:\/\/legendppf.com\/wp-content\/uploads\/ppf-prime-a-1.jpg\" alt=\"LEGEND PPF Prime Construction Details\"><\/a><\/figure>\n<p><\/p>\n<p><\/p>\n<p><\/p>\n<p><\/p>\n<p><\/p>\n<p class=\"is-layout-flow wp-block-column-is-layout-flow\"><\/p>\n<h4 class=\"wp-block-heading\">LEGEND PPF Prime (teise laineriga) Konstruktsiooni detailid :<\/h4>\n<p><\/p>\n<p><\/p>\n<figure><a href=\"http:\/\/legendppf.com\/wp-content\/uploads\/ppf-prime-cap-1.jpg\"><img decoding=\"async\" src=\"http:\/\/legendppf.com\/wp-content\/uploads\/ppf-prime-cap-1.jpg\" alt=\"LEGEND PPF Prime Construction\"><\/a><\/figure>\n<p><\/p>\n<p><\/p>\n<p><\/p>\n<p><\/p>\n<p><b>Isejoonduv H\u00fcdrofoobne tasapind <\/b>on v\u00e4ljat\u00f6\u00f6tatud l\u00e4ige pikaajaliseks s\u00e4ilitamiseks. Normaalse kulumiga (n\u00e4iteks autopesula) esile kutsutud mitteolulised kriimustused ja marrastused eemalduvad sujuvalt aja m\u00f6\u00f6dudes. \u00dclemise kihi madal pinnaenergia k\u00f5rvaldab reostunud veega esile kutsutud pinna tumestuse. Auto pind koos paigaldatud LEGEND\u00ae PPF kaitsekilega s\u00e4ilitab siledat ja l\u00e4ikivat v\u00e4lisilmet paljude aastate jooksul ning ei vaja tehnilist hooldust.<br><\/p>\n<p><\/p>\n<p><\/p>\n<p class=\"is-layout-flex wp-container-core-columns-is-layout-9d6595d7 wp-block-columns-is-layout-flex\"><\/p>\n<p class=\"is-layout-flow wp-block-column-is-layout-flow\"><\/p>\n<p><b>Tavaline pol\u00fceeterlik-uretaanne pealmine kate<\/b><br><\/p>\n<p><\/p>\n<p><\/p>\n<figure><img decoding=\"async\" src=\"http:\/\/legendppf.com\/wp-content\/uploads\/ppf-prime-1-Conventional-polyester-urethane-Top-Coat.jpg\" alt=\"Conventional polyester urethane Top Coat\"><\/figure>\n<p><\/p>\n<p><\/p>\n<p><\/p>\n<p class=\"is-layout-flow wp-block-column-is-layout-flow\"><\/p>\n<p><b>LEGEND Isejoonduv h\u00fcdrofoobne tasapind<\/b><br><\/p>\n<p><\/p>\n<p><\/p>\n<figure><img decoding=\"async\" src=\"http:\/\/legendppf.com\/wp-content\/uploads\/ppf-prime-1-LEGEND-Self-Leveling-Hydrophobic-Surface.jpg\" alt=\"\"><\/figure>\n<p><\/p>\n<p><\/p>\n<p><\/p>\n<p><\/p>\n<p><\/p>\n<p><\/p>\n<p><b>LEGEND\u00ae PPF kilede vastupidavus kollastumisele, v\u00e4rvingule ja keemilisele toimele<\/b> saavutatakse t\u00e4nu hoolikalt v\u00e4ljat\u00f6\u00f6tatud valemile, mis lubab meie tootele t\u00f5rjuda eemale teedega seotud reostuste laialdase spektri nagu vaha, mootori- ja transmissiooni\u00f5lid, vedelikud radiaatoritele ja tuuleklaasile. Lisaks omab LEGEND\u00ae PPF kaitsekile v\u00e4rvimisele k\u00f5rget vastupidavust lahustele, happetele, alustele, putukate laikudele ja linnumustusele.<br><\/p>\n<p><\/p>\n<p><\/p>\n<p><b>LEGEND\u00ae PPF kilede pikaajalisus ja vastupidavus atmosf\u00e4\u00e4rsetele m\u00f5judele <\/b>k\u00f5ige karmimates keskkondades on teadlaste ja inseneride koost\u00f6\u00f6 tulemus. Koost\u00f6\u00f6 k\u00e4igus olid loodud pikemateks aastateks visuaalseid omadusi ja tootlikkust s\u00e4ilitavad komponendid. LEGEND\u00ae tooted vastavad auto-, transpordi- ja energeetikat\u00f6\u00f6stuse k\u00f5ige karmimatele n\u00f5uetele. LEGEND kaitsekile v\u00e4rvimisele on testitud tests\u00fcsteemide QUV ultraviolettkiirguse ja ksenoonemitterite toimel. Samuti on kile testitud k\u00f5rge temperatuuri ja niiskuse toimele.<br><\/p>\n<p><\/p>\n<p><\/p>\n<figure><img decoding=\"async\" src=\"http:\/\/legendppf.com\/wp-content\/uploads\/QUV-Weathering-Xenon-Weathering.jpg\" alt=\"\"><\/figure>\n<p><\/p>\n<p><\/p>\n<p><b>LEGEND\u00ae PPF kilede keemiline vastupidavus <\/b>on hoolikalt kontrollitav erinevate keemiliste ainetega, kaasarvatud rasked lahustajad nagu toluool, 2-butanoon, n-butilatsetaat, isoprop\u00fc\u00fclpiiritus ning soolhappe, v\u00e4\u00e4vlihappe ja naatriumi h\u00fcrdoksiidi veelahused.<br><\/p>\n<p><\/p>\n<p><\/p>\n<p><b>LEGEND\u00ae PPF kilede pikaajalisus <\/b>on kontrollitav katsete abil v\u00e4ljavenimisele, samuti katsetega gravelomeetril. Nende abil hinnatakse transpordivahendite pinnakatete vastupidavuse killustiku ja teiste lendavate objektide l\u00f6\u00f6kide poolt esile kutsutud laastudele standarditega SAE ja ASTM vastavuses. LEGEND\u00ae kaitsekile vastab turul kehtestatud k\u00f5ige k\u00f5rgematele standartidele.<br><\/p>\n<p><\/p>\n<p><\/p>\n<figure><img decoding=\"async\" src=\"https:\/\/legendppf.com\/wp-content\/uploads\/duribility-1024x768.jpg\" alt=\"\"><\/figure>\n<p><\/p>\n<p><\/p>\n<p>* P\u00f6\u00f6rduge autoriseeritud edasim\u00fc\u00fcja poole informatsiooni saamiseks tootja garantiide kohta.<\/p>\n<p><\/p>","protected":false},"excerpt":{"rendered":"<p>&nbsp; PPF Prime no Cap Sheet TDS &nbsp; PPF Prime with Cap Sheet TDS Kaitsekilede tootmise paljuaastasele kogemusele tuginedes on LEGEND\u00ae Paint Protection Film loodud kaitseks kivide, putukate, liiva, soola ja teiste ohtude eest, mis v\u00f5ivad kahjustada teie uue auto v\u00e4rvi. Meie premiaalne pakkumine \u2014 PPF \u041f\u0440\u0430\u0439\u043c kile on praktiliselt n\u00e4htamatu ja kaitseb teie v\u00e4rvi [&hellip;]<\/p>\n","protected":false},"author":2,"featured_media":0,"parent":0,"menu_order":0,"comment_status":"closed","ping_status":"closed","template":"","meta":{"footnotes":""},"class_list":{"0":"post-1047","1":"page","2":"type-page","3":"status-publish","5":"entry"},"_links":{"self":[{"href":"https:\/\/legendppfbaltic.eu\/et\/wp-json\/wp\/v2\/pages\/1047","targetHints":{"allow":["GET"]}}],"collection":[{"href":"https:\/\/legendppfbaltic.eu\/et\/wp-json\/wp\/v2\/pages"}],"about":[{"href":"https:\/\/legendppfbaltic.eu\/et\/wp-json\/wp\/v2\/types\/page"}],"author":[{"embeddable":true,"href":"https:\/\/legendppfbaltic.eu\/et\/wp-json\/wp\/v2\/users\/2"}],"replies":[{"embeddable":true,"href":"https:\/\/legendppfbaltic.eu\/et\/wp-json\/wp\/v2\/comments?post=1047"}],"version-history":[{"count":5,"href":"https:\/\/legendppfbaltic.eu\/et\/wp-json\/wp\/v2\/pages\/1047\/revisions"}],"predecessor-version":[{"id":1052,"href":"https:\/\/legendppfbaltic.eu\/et\/wp-json\/wp\/v2\/pages\/1047\/revisions\/1052"}],"wp:attachment":[{"href":"https:\/\/legendppfbaltic.eu\/et\/wp-json\/wp\/v2\/media?parent=1047"}],"curies":[{"name":"wp","href":"https:\/\/api.w.org\/{rel}","templated":true}]}}