{"id":1053,"date":"2019-06-28T16:04:23","date_gmt":"2019-06-28T16:04:23","guid":{"rendered":"https:\/\/legendppfbaltic.eu\/?page_id=1053"},"modified":"2022-10-16T15:18:06","modified_gmt":"2022-10-16T15:18:06","slug":"ppf-prime-matt","status":"publish","type":"page","link":"https:\/\/legendppfbaltic.eu\/et\/ppf-prime-matt\/","title":{"rendered":"PPF Prime Matt"},"content":{"rendered":"<p><\/p>\n<p><a href=\"http:\/\/legendppf.com\/wp-content\/uploads\/LEGEND-PPF-Prime-Matte-no-Cap-Technical-Data-Sheet-Rev1.pdf\"><i><\/i> &nbsp; PPF Prime Matte no Cap Sheet TDS<\/a><br><a href=\"https:\/\/legendppf.com\/wp-content\/uploads\/LEGEND-PPF-Prime-Matte-with-Cap-Technical-Data-Sheet-Rev2-1.pdf\"><i><\/i> &nbsp; PPF Prime Matte with Cap Sheet TDS<\/a><\/p>\n<p><\/p>\n<p><\/p>\n<p>Tuginedes kaitsekilede tootmise pikaajalisele kogemusele on LEGEND\u00ae Paint Protection Film loodud kaitseks kividest, putukatest, liivast, soolast ja teistest ohtudest, mis v\u00f5ivad kahjustada teie uuel autol v\u00e4rvi.&nbsp;<\/p>\n<p>Meie preemiapakkumine \u2014 PPF 150 Prime Matte kaitseb v\u00e4rvi praktiliselt igas ilmastikutsoonis ja igas ilmastikuolus, lisades teie autole harukordse mattv\u00e4limuse. Peale suurep\u00e4raste kaitse- ja visuaalomaduste pakub LEGEND\u00ae PPF Prime Matte sari universaalset paigaldust, mis vastab k\u00f5ige keerulistele n\u00f5uetele ja mis ei n\u00f5ua tehnilist teenindamist paigaldamise j\u00e4rel. Selle toote m\u00e4rkimisv\u00e4\u00e4rsete eelistuste hulgas on:<\/p>\n<p><\/p>\n<p><\/p>\n<ul class=\"wp-block-list\">\n<li style=\"margin: 0cm 0cm 8pt; line-height: normal; font-size: 11pt; font-family: Calibri; background-image: initial; background-position: initial; background-size: initial; background-repeat: initial; background-attachment: initial; background-origin: initial; background-clip: initial;\">V\u00f5luv mattpealispind<\/li>\n<li style=\"margin: 0cm 0cm 8pt; line-height: normal; font-size: 11pt; font-family: Calibri; background-image: initial; background-position: initial; background-size: initial; background-repeat: initial; background-attachment: initial; background-origin: initial; background-clip: initial;\">Paigalduse erakordne lihtsus<\/li>\n<li style=\"margin: 0cm 0cm 8pt; line-height: normal; font-size: 11pt; font-family: Calibri; background-image: initial; background-position: initial; background-size: initial; background-repeat: initial; background-attachment: initial; background-origin: initial; background-clip: initial;\">Harukordne vastupidavus kriimustustele ja laikudele<\/li>\n<li style=\"margin: 0cm 0cm 8pt; line-height: normal; font-size: 11pt; font-family: Calibri; background-image: initial; background-position: initial; background-size: initial; background-repeat: initial; background-attachment: initial; background-origin: initial; background-clip: initial;\">Suurep\u00e4rane vastuspidavus kollastumisele<\/li>\n<li style=\"margin: 0cm 0cm 8pt; line-height: normal; font-size: 11pt; font-family: Calibri; background-image: initial; background-position: initial; background-size: initial; background-repeat: initial; background-attachment: initial; background-origin: initial; background-clip: initial;\">Isejoonduv h\u00fcdrofoobne pind<\/li>\n<li style=\"margin: 0cm 0cm 8pt; line-height: normal; font-size: 11pt; font-family: Calibri; background-image: initial; background-position: initial; background-size: initial; background-repeat: initial; background-attachment: initial; background-origin: initial; background-clip: initial;\">\u00dcletamatu pikaajalisus<\/li>\n<li style=\"margin: 0cm 0cm 8pt; line-height: normal; font-size: 11pt; font-family: Calibri; background-image: initial; background-position: initial; background-size: initial; background-repeat: initial; background-attachment: initial; background-origin: initial; background-clip: initial;\">Harus eestvedav 10-aastane garantii*<\/li>\n<\/ul>\n<p><\/p>\n<p><\/p>\n<figure>\n<table>\n<tbody>\n<tr>\n<td><b>F\u00fc\u00fcsilised omadused<\/b><\/td>\n<td>&nbsp;<\/td>\n<td>&nbsp;<\/td>\n<\/tr>\n<tr>\n<td><b>Test\u00fclesanne<\/b><\/td>\n<td><b>V\u00e4\u00e4rtus<\/b><\/td>\n<td><b>Standard<\/b><\/td>\n<\/tr>\n<tr>\n<td>Vastupidavuse piirv\u00e4\u00e4rtus<\/td>\n<td>8200psi<\/td>\n<td>ASTM D882<\/td>\n<\/tr>\n<tr>\n<td>Pikenemine l\u00f5henemisel<\/td>\n<td>450%<\/td>\n<td>ASTM D882<\/td>\n<\/tr>\n<tr>\n<td>Adgesiivne j\u00f5ud<\/td>\n<td>7.8-10.6 lbs\/in<\/td>\n<td>ASTM 3330<\/td>\n<\/tr>\n<\/tbody>\n<\/table>\n<\/figure>\n<p><\/p>\n<p><\/p>\n<p class=\"is-layout-flex wp-container-core-columns-is-layout-9d6595d7 wp-block-columns-is-layout-flex\"><\/p>\n<p class=\"is-layout-flow wp-block-column-is-layout-flow\"><\/p>\n<h4 class=\"wp-block-heading\">LEGEND PPF Prime Matte (ilma teise lainerita)\u2028Konstruktsiooni detailid:<\/h4>\n<p><\/p>\n<p><\/p>\n<figure><a href=\"http:\/\/legendppf.com\/wp-content\/uploads\/ppf-prime-matte-nocap.jpg\"><img decoding=\"async\" src=\"http:\/\/legendppf.com\/wp-content\/uploads\/ppf-prime-matte-nocap.jpg\" alt=\"LEGEND PPF Prime Matte Construction Detail\"><\/a><\/figure>\n<p><\/p>\n<p><\/p>\n<p><\/p>\n<p><\/p>\n<p><\/p>\n<p class=\"is-layout-flow wp-block-column-is-layout-flow\"><\/p>\n<h4 class=\"wp-block-heading\">LEGEND PPF Prime Matte (koos teise laineriga)\u2028Konstruktsiooni detailid:<\/h4>\n<p><\/p>\n<p><\/p>\n<figure><a href=\"http:\/\/legendppf.com\/wp-content\/uploads\/ppf-prime-matte-cap.jpg\"><img decoding=\"async\" src=\"http:\/\/legendppf.com\/wp-content\/uploads\/ppf-prime-matte-cap.jpg\" alt=\"LEGEND PPF Prime Construction Details\"><\/a><\/figure>\n<p><\/p>\n<p><\/p>\n<p><\/p>\n<p><\/p>\n<p><b>LEGEND\u00ae PPF Matte kilede Isejoonduv H\u00fcdrofoobne pind <\/b>on v\u00e4ljat\u00f6\u00f6tatud l\u00e4ike pikaajaliseks s\u00e4ilitamiseks. Normaalse kulumiga, nagu autopesu, esile kutsutud mitteolulised kriimustused ja h\u00f5\u00f5rutised eemalduvad sujuvalt aja jooksul. \u00dclemise kihi madal pinnaenergia hoiab \u00e4ra reostunud vee poolt esile kutsutud pinna tumestuse. Auto pealispind koos paigaldatud LEGEND\u00ae PPF Matte kaitsekilega s\u00e4ilitab v\u00f5luva mattv\u00e4lisilme paljude aastate jooksul ja ei vaja tehnilist hooldust.<br><\/p>\n<p><\/p>\n<p><\/p>\n<p><b>LEGEND\u00ae PPF Isejoonduv H\u00fcdrofoobne mattpind<\/b><br><\/p>\n<p><\/p>\n<p><\/p>\n<figure><img decoding=\"async\" src=\"http:\/\/legendppf.com\/wp-content\/uploads\/LEGEND-Self-Leveling-Hydrophobic-Matte-Surface.jpg\" alt=\"LEGEND Self-Leveling Hydrophobic Matte Surface\"><\/figure>\n<p><\/p>\n<p><\/p>\n<p><b>LEGEND\u00ae PPF Matte kilede vastupidavus kollastumisele, v\u00e4rvingule ja keemilisele toimele <\/b>saavutatakse t\u00e4nu hoolikalt v\u00e4ja t\u00f6\u00f6tatud valemile, mis lubab meie tootele t\u00f5ugata eemale teedega seotud reostuste laia spektri, selliseid nagu: vaha, mootor- ja transmissioon\u00f5lid, vedelikud radiaatoritele ja tuuleklaasile. Peale seda on LEGEND\u00ae PPF Matte kaitsekile v\u00e4rvile k\u00f5rge vastupidavusega lahustitele, happetele, alustele, putukate laikudele ja linnumustusele.<br><\/p>\n<p><\/p>\n<p><\/p>\n<p><b>LEGEND\u00ae PPF Matte kilede pikaajalisus ja vastupidavus ilmastiku toimele<\/b> k\u00f5ige karmimates keskkondades&nbsp; \u2014 see on teadlaste ja inseneride koost\u00f6\u00f6, mille tulemusena olid loodud paljudeks aastateks visuaalseid omadusi ja tootlikkust s\u00e4ilitavad komponendid. LEGEND\u00ae tooted vastavad auto-, aerokosmilise, transport- ja energeetikat\u00f6\u00f6stuse k\u00f5ige karmimatele n\u00f5uetele.&nbsp; LEGEND\u00aePPF Matte kaitsekile v\u00e4rvile on testitud ultraviolettkiirguse s\u00fcsteemide QUV ja ksenoonemitterite toimel, samuti k\u00f5rge temperatuuri ja niiskuse toimele.<br><\/p>\n<p><\/p>\n<p><\/p>\n<figure><img decoding=\"async\" src=\"http:\/\/legendppf.com\/wp-content\/uploads\/QUV-Weathering-Xenon-Weathering.jpg\" alt=\"\"><\/figure>\n<p><\/p>\n<p><\/p>\n<p><b>LEGEND\u00ae PPF Matte kilede keemiline vastupidavus<\/b> on hoolikalt kontrollitav erinevate keemiliste ainetega, sealhulgas raskete lahustite nagu toluooli, 2-butanooni, n-butilatsetaadi ja isoprop\u00fc\u00fclpiiritusega ning soolhappe, v\u00e4\u00e4vlihappe ja naatriumi h\u00fcrdoksiidi veelahustega.<br><\/p>\n<p><\/p>\n<p><\/p>\n<p><b>LEGEND\u00ae PPF Matte kilede pikaajalisus <\/b>on kontrollitav katsetega v\u00e4ljavenimisele aga samuti katsetega gravelomeetril. Katsed on etten\u00e4htud transpordivahendite pinnakatete vastupidavuse hinnanguks killustiku ja teiste lendavate objektide l\u00f6\u00f6kide poolt esile kutsutud m\u00f5radele vastavalt standartidele SAE ja ASTM. LEGEND\u00ae PPF Matte kaitsekile vastab turul kehtestatud k\u00f5ige k\u00f5rgetele standartidele.<br><\/p>\n<p><\/p>\n<p><\/p>\n<p>* P\u00f6\u00f6rduge autoriseeritud tootja \/edasim\u00fc\u00fcja poole tootja garantii kohta teabe saamiseks.<\/p>\n<p><\/p>","protected":false},"excerpt":{"rendered":"<p>&nbsp; PPF Prime Matte no Cap Sheet TDS &nbsp; PPF Prime Matte with Cap Sheet TDS Tuginedes kaitsekilede tootmise pikaajalisele kogemusele on LEGEND\u00ae Paint Protection Film loodud kaitseks kividest, putukatest, liivast, soolast ja teistest ohtudest, mis v\u00f5ivad kahjustada teie uuel autol v\u00e4rvi.&nbsp; Meie preemiapakkumine \u2014 PPF 150 Prime Matte kaitseb v\u00e4rvi praktiliselt igas ilmastikutsoonis ja [&hellip;]<\/p>\n","protected":false},"author":2,"featured_media":0,"parent":0,"menu_order":0,"comment_status":"closed","ping_status":"closed","template":"","meta":{"footnotes":""},"class_list":{"0":"post-1053","1":"page","2":"type-page","3":"status-publish","5":"entry"},"_links":{"self":[{"href":"https:\/\/legendppfbaltic.eu\/et\/wp-json\/wp\/v2\/pages\/1053","targetHints":{"allow":["GET"]}}],"collection":[{"href":"https:\/\/legendppfbaltic.eu\/et\/wp-json\/wp\/v2\/pages"}],"about":[{"href":"https:\/\/legendppfbaltic.eu\/et\/wp-json\/wp\/v2\/types\/page"}],"author":[{"embeddable":true,"href":"https:\/\/legendppfbaltic.eu\/et\/wp-json\/wp\/v2\/users\/2"}],"replies":[{"embeddable":true,"href":"https:\/\/legendppfbaltic.eu\/et\/wp-json\/wp\/v2\/comments?post=1053"}],"version-history":[{"count":5,"href":"https:\/\/legendppfbaltic.eu\/et\/wp-json\/wp\/v2\/pages\/1053\/revisions"}],"predecessor-version":[{"id":1058,"href":"https:\/\/legendppfbaltic.eu\/et\/wp-json\/wp\/v2\/pages\/1053\/revisions\/1058"}],"wp:attachment":[{"href":"https:\/\/legendppfbaltic.eu\/et\/wp-json\/wp\/v2\/media?parent=1053"}],"curies":[{"name":"wp","href":"https:\/\/api.w.org\/{rel}","templated":true}]}}