{"id":1059,"date":"2021-09-15T08:52:09","date_gmt":"2021-09-15T08:52:09","guid":{"rendered":"https:\/\/legendppfbaltic.eu\/?page_id=1059"},"modified":"2022-10-16T15:26:31","modified_gmt":"2022-10-16T15:26:31","slug":"ppf-prime-plus","status":"publish","type":"page","link":"https:\/\/legendppfbaltic.eu\/et\/ppf-prime-plus\/","title":{"rendered":"PPF Prime Plus"},"content":{"rendered":"<p><\/p>\n<p><a href=\"https:\/\/legendppf.com\/wp-content\/uploads\/LEGEND-PPF-Prime-Plus-NO-Cap-Technical-Data-Sheet-Rev1.pdf\"><i><\/i> &nbsp; PPF Prime Plus no Cap Sheet TDS<\/a><br><a href=\"https:\/\/legendppf.com\/wp-content\/uploads\/LEGEND-PPF-Prime-Plus-Cap-Technical-Data-Sheet-Rev1.pdf\"><i><\/i> &nbsp; PPF Prime Plus with Cap Sheet TDS<\/a><\/p>\n<p><\/p>\n<p><\/p>\n<p>Omades paksust 10 mm (250 mikroni) pakuvad <b>LEGEND\u00ae Prime Plus <\/b>killustikuvastased<b> <\/b>killed t\u00e4iendavat kaitset killustiku, putukate, liiva, soola ja kriimustuste eest aga samuti faktorite eest, mis v\u00f5ivad viia teie auto lakkv\u00e4rvkatte kahjustuseni. <b>LEGEND\u00ae Prime Plus <\/b>kiled on v\u00e4ljat\u00f6\u00f6tatud lakkv\u00e4rvkatte kilede tootmise pikaajalise kogemuse arvestusega.<br><\/p>\n<p>Preemiaklassi toode \u2014 <b>LEGEND\u00ae Prime Plus <\/b>ei ole autole paigaldamisel m\u00e4rgatav ning kaitseb lakkv\u00e4rvkatet praktiliselt igas ilmastiku tsoonis ja iga ilmastikuolu puhul. Suurep\u00e4rastele iseloomujoontele lisaks erinevad LEGEND\u00ae kiled paigaldamise lihtsuse poolest, mis lubab kiiresti ja kindlalt paigutada toodet k\u00f5ige keeruliste kontuuridega autodele. <b>LEGEND\u00ae Prime Plus<\/b> killustiku vastaste kilede p\u00f5hiomadused:<\/p>\n<p><\/p>\n<p><\/p>\n<ul class=\"wp-block-list\">\n<li style=\"margin: 0cm 0cm 8pt; line-height: normal; font-size: 11pt; font-family: Calibri; background-image: initial; background-position: initial; background-size: initial; background-repeat: initial; background-attachment: initial; background-origin: initial; background-clip: initial;\">Suurendatud paksus 10 mm (250 mikroni)<o:p><\/o:p><\/li>\n<li style=\"margin: 0cm 0cm 8pt; line-height: normal; font-size: 11pt; font-family: Calibri; background-image: initial; background-position: initial; background-size: initial; background-repeat: initial; background-attachment: initial; background-origin: initial; background-clip: initial;\">K\u00f5rge l\u00e4bipaistvus<o:p><\/o:p><\/li>\n<li style=\"margin: 0cm 0cm 8pt; line-height: normal; font-size: 11pt; font-family: Calibri; background-image: initial; background-position: initial; background-size: initial; background-repeat: initial; background-attachment: initial; background-origin: initial; background-clip: initial;\">Ebatavaliselt kerge paigaldus<o:p><\/o:p><\/li>\n<li style=\"margin: 0cm 0cm 8pt; line-height: normal; font-size: 11pt; font-family: Calibri; background-image: initial; background-position: initial; background-size: initial; background-repeat: initial; background-attachment: initial; background-origin: initial; background-clip: initial;\">Suurep\u00e4rane vastupidavus kollastumisele<o:p><\/o:p><\/li>\n<li style=\"margin: 0cm 0cm 8pt; line-height: normal; font-size: 11pt; font-family: Calibri; background-image: initial; background-position: initial; background-size: initial; background-repeat: initial; background-attachment: initial; background-origin: initial; background-clip: initial;\">Iseparanev pind<o:p><\/o:p><\/li>\n<li style=\"margin: 0cm 0cm 8pt; line-height: normal; font-size: 11pt; font-family: Calibri; background-image: initial; background-position: initial; background-size: initial; background-repeat: initial; background-attachment: initial; background-origin: initial; background-clip: initial;\">Vett eemalet\u00f5ukav kaitsekiht<o:p><\/o:p><\/li>\n<li style=\"margin: 0cm 0cm 8pt; line-height: normal; font-size: 11pt; font-family: Calibri; background-image: initial; background-position: initial; background-size: initial; background-repeat: initial; background-attachment: initial; background-origin: initial; background-clip: initial;\">Permanentne l\u00e4ige ja pinna puhtus<o:p><\/o:p><\/li>\n<li style=\"margin: 0cm 0cm 8pt; line-height: normal; font-size: 11pt; font-family: Calibri; background-image: initial; background-position: initial; background-size: initial; background-repeat: initial; background-attachment: initial; background-origin: initial; background-clip: initial;\">Suur ekspluatatsiooniiga<o:p><\/o:p><\/li>\n<li style=\"margin: 0cm 0cm 8pt; line-height: normal; font-size: 11pt; font-family: Calibri; background-image: initial; background-position: initial; background-size: initial; background-repeat: initial; background-attachment: initial; background-origin: initial; background-clip: initial;\">Esimesed harus 12-aastase garantii pakkumisega*<o:p><\/o:p><\/li>\n<\/ul>\n<p><\/p>\n<p><\/p>\n<p><br><\/p>\n<p><\/p>\n<p><\/p>\n<figure>\n<table>\n<tbody>\n<tr>\n<td><b>F\u00fc\u00fcsilised omadused<\/b><br><\/td>\n<td><\/td>\n<td><\/td>\n<td><\/td>\n<\/tr>\n<tr>\n<td><b>Omadus<\/b><br><\/td>\n<td><b>V\u00e4\u00e4rtus<\/b><br><\/td>\n<td><strong>Standard<\/strong><\/td>\n<td><\/td>\n<\/tr>\n<tr>\n<td>L\u00f5henemisele vastupidavuse piiv\u00e4\u00e4rtus<\/td>\n<td>8200psi<\/td>\n<td>ASTM D882<\/td>\n<td><\/td>\n<\/tr>\n<tr>\n<td>Maksimaalne pikenemine<\/td>\n<td>450%<\/td>\n<td>ASTM D882<\/td>\n<td><\/td>\n<\/tr>\n<tr>\n<td>Liimi kleepuvuse j\u00f5ud<\/td>\n<td>7.8-10.6 lbs\/in<\/td>\n<td>ASTM 3330<\/td>\n<td><\/td>\n<\/tr>\n<\/tbody>\n<\/table>\n<\/figure>\n<p><\/p>\n<p><\/p>\n<p class=\"is-layout-flex wp-container-core-columns-is-layout-9d6595d7 wp-block-columns-is-layout-flex\"><\/p>\n<p class=\"is-layout-flow wp-block-column-is-layout-flow\"><\/p>\n<h4 class=\"wp-block-heading\">LEGEND PPF Prime Plus (ilma teise lainerita) Konstruktsiooni detailid :<\/h4>\n<p><\/p>\n<p><\/p>\n<figure><img decoding=\"async\" src=\"https:\/\/legendppf.com\/wp-content\/uploads\/ppf-prime-plus-no-cap-construction-img.jpg\" alt=\"\"><\/figure>\n<p><\/p>\n<p><\/p>\n<p><\/p>\n<p class=\"is-layout-flow wp-block-column-is-layout-flow\"><\/p>\n<h4 class=\"wp-block-heading\">LEGEND PPF Prime Plus (koos teise laineriga) Konstruktsiooni detailid :<\/h4>\n<p><\/p>\n<p><\/p>\n<figure><img decoding=\"async\" src=\"https:\/\/legendppf.com\/wp-content\/uploads\/ppf-prime-plus-cap-construction-img.jpg\" alt=\"\"><\/figure>\n<p><\/p>\n<p><\/p>\n<p><\/p>\n<p><\/p>\n<p><b>(top coat) LEGEND iseparanev h\u00fcdrofoobne pind <\/b>on v\u00e4ljat\u00f6\u00f6tatud autopinna l\u00e4ike pikaajaliseks s\u00e4ilitamiseks. Auto normaalse kasutamise (n\u00e4iteks kontaktses autopesulas) tulemusena tekkivad v\u00e4ikesed kriimustused ja h\u00f5\u00f5rutised kaovad sooja toimel. H\u00fcdrofoobse pinna madal pinnaenergia hoiab eemale teereostuse imendumise ning j\u00e4reldusena sellest ka tumestuse ja kollastumise.<br><\/p>\n<p><\/p>\n<p><\/p>\n<p class=\"is-layout-flex wp-container-core-columns-is-layout-9d6595d7 wp-block-columns-is-layout-flex\"><\/p>\n<p class=\"is-layout-flow wp-block-column-is-layout-flow\"><b>Tavaline uretaankiht (t\u043e\u0440 coat)<\/b><br><\/p>\n<p><\/p>\n<p><\/p>\n<figure><img decoding=\"async\" src=\"https:\/\/legendppf.com\/wp-content\/uploads\/ppf-prime-plus-conventional-polyester-img.jpg\" alt=\"\"><\/figure>\n<p><\/p>\n<p><\/p>\n<p><\/p>\n<p class=\"is-layout-flow wp-block-column-is-layout-flow\"><b>H\u00fcdrofoobne pind \u2028(top coat) LEGEND<\/b><br><\/p>\n<p><\/p>\n<p><\/p>\n<figure><img decoding=\"async\" src=\"https:\/\/legendppf.com\/wp-content\/uploads\/ppf-prime-plus-self-leveling-img.jpg\" alt=\"\"><\/figure>\n<p><\/p>\n<p><!-- \/wp:post-content --><\/p>\n<p><!-- \/wp:columns --><\/p>\n<p><!-- wp:columns --><\/p>\n<p><!-- wp:column {\"width\":\"70%\"} --><\/p>\n<p><b>\u0423\u0441\u0442\u043e\u0439\u0447\u0438\u0432\u043e\u0441\u0442\u044c \u043a \u0445\u0438\u043c\u0438\u043a\u0430\u0442\u0430\u043c \u0438 \u043e\u043a\u0440\u0430\u0448\u0438\u0432\u0430\u043d\u0438\u044e LEGEND vastupidavus kemikaalidele ja v\u00e4rvimisele<\/b> on kaitsekihi valemi komponentide hoolika valiku tulemus. Meie toode on v\u00f5imeline pidada vastu suure hulga teel esinevate kemikaalide eest: vahad, \u00f5lid, transmissioon- ja radiaatorivedelikud, aknapuhastajad. Lisaks sellele peab LEGEND Paint Protection Film vastu lahustitele nagu Toluool, Met\u00fc\u00fcl Et\u00fc\u00fcl Keeton, Butiil Atsetaat ja Isoprop\u00fc\u00fclpiiritus. Toode on vastupidav ka happetele, alustele, putukate j\u00e4\u00e4kidele ja linnumustusele.<br><\/p>\n<p><!-- \/wp:paragraph --><\/p>\n<p><!-- wp:paragraph --><\/p>\n<p><!-- \/wp:paragraph --><\/p>\n<p><!-- \/wp:column --><\/p>\n<p><!-- wp:column {\"width\":\"30%\"} --><\/p>\n<p><!-- wp:image {\"align\":\"center\",\"id\":565,\"sizeSlug\":\"full\",\"linkDestination\":\"none\"} --><\/p>\n<figure><img decoding=\"async\" src=\"https:\/\/legendppf.com\/wp-content\/uploads\/PPF-Prime-Plus-Picture4.jpg\" alt=\"\"><\/figure>\n<p><!-- \/wp:image --><\/p>\n<p><!-- \/wp:column --><\/p>\n<p><!-- \/wp:columns --><\/p>\n<p><!-- wp:paragraph --><\/p>\n<p><b>LEGEND \u00fcletamatu teenimise aeg k\u00f5ige karmimates tingimustes Longevity and Weatherability in Harshest Environments<\/b> \u2013 see on erinevate maade inseneride ja teadlaste t\u00f6\u00f6 vili, mis lubas luua pikadeks aastateks oma v\u00e4lisilmet s\u00e4ilitavat kile. LEGEND kilesid luuakse auto- ja aerokosmilise haru n\u00f5uetega arvestades, samuti kasutamiseks tootmise tingimustes. LEGEND kiled on katsetatud QUV ja Xenon veseromeetritega ning samuti vastupidavuseks k\u00f5rgele temperatuurile ja niiskusele.<br><\/p>\n<p><!-- \/wp:paragraph --><\/p>\n<p><!-- wp:paragraph --><\/p>\n<p><b>LEGEND durability killustiku vastane kaitse <\/b>on katsetatud standardsete testide abil vastupidavusele, l\u00f5henemisele ja v\u00e4ljavenimisele aga samuti vastupidavuse testi abil killustiku l\u00f6\u00f6kidele, mis vastab standartidele SAE ja ASTM standards.<br><\/p>\n<p><!-- \/wp:paragraph --><\/p>\n<p><!-- wp:image {\"align\":\"center\",\"id\":569,\"sizeSlug\":\"full\",\"linkDestination\":\"none\"} --><\/p>\n<figure><img decoding=\"async\" src=\"https:\/\/legendppf.com\/wp-content\/uploads\/PPF-Prime-Plus-Picture5.jpg\" alt=\"\"><\/figure>\n<p><!-- \/wp:image --><\/p>\n<p><!-- wp:paragraph {\"fontSize\":\"small\"} --><\/p>\n<p>* Garantii detailide kohta teabe saamiseks kontakteeruge teie maa\/regiooni ametliku edasim\u00fc\u00fcjaga. Garantii on kehtiv vaid transpordivahendi installatsiooni ja sellele j\u00e4rgneva ekspluatatsiooni reeglite t\u00e4itmise korral.<\/p>\n<p><!-- \/wp:paragraph --><\/p>","protected":false},"excerpt":{"rendered":"<p>&nbsp; PPF Prime Plus no Cap Sheet TDS &nbsp; PPF Prime Plus with Cap Sheet TDS Omades paksust 10 mm (250 mikroni) pakuvad LEGEND\u00ae Prime Plus killustikuvastased killed t\u00e4iendavat kaitset killustiku, putukate, liiva, soola ja kriimustuste eest aga samuti faktorite eest, mis v\u00f5ivad viia teie auto lakkv\u00e4rvkatte kahjustuseni. LEGEND\u00ae Prime Plus kiled on v\u00e4ljat\u00f6\u00f6tatud lakkv\u00e4rvkatte [&hellip;]<\/p>\n","protected":false},"author":2,"featured_media":0,"parent":0,"menu_order":0,"comment_status":"closed","ping_status":"closed","template":"","meta":{"footnotes":""},"class_list":{"0":"post-1059","1":"page","2":"type-page","3":"status-publish","5":"entry"},"_links":{"self":[{"href":"https:\/\/legendppfbaltic.eu\/et\/wp-json\/wp\/v2\/pages\/1059","targetHints":{"allow":["GET"]}}],"collection":[{"href":"https:\/\/legendppfbaltic.eu\/et\/wp-json\/wp\/v2\/pages"}],"about":[{"href":"https:\/\/legendppfbaltic.eu\/et\/wp-json\/wp\/v2\/types\/page"}],"author":[{"embeddable":true,"href":"https:\/\/legendppfbaltic.eu\/et\/wp-json\/wp\/v2\/users\/2"}],"replies":[{"embeddable":true,"href":"https:\/\/legendppfbaltic.eu\/et\/wp-json\/wp\/v2\/comments?post=1059"}],"version-history":[{"count":5,"href":"https:\/\/legendppfbaltic.eu\/et\/wp-json\/wp\/v2\/pages\/1059\/revisions"}],"predecessor-version":[{"id":1064,"href":"https:\/\/legendppfbaltic.eu\/et\/wp-json\/wp\/v2\/pages\/1059\/revisions\/1064"}],"wp:attachment":[{"href":"https:\/\/legendppfbaltic.eu\/et\/wp-json\/wp\/v2\/media?parent=1059"}],"curies":[{"name":"wp","href":"https:\/\/api.w.org\/{rel}","templated":true}]}}