{"id":1316,"date":"2021-03-27T14:20:14","date_gmt":"2021-03-27T14:20:14","guid":{"rendered":"https:\/\/legendppfbaltic.eu\/?page_id=1316"},"modified":"2022-11-22T13:06:56","modified_gmt":"2022-11-22T13:06:56","slug":"ppf-select","status":"publish","type":"page","link":"https:\/\/legendppfbaltic.eu\/et\/ppf-select\/","title":{"rendered":"PPF Select"},"content":{"rendered":"\r\n<p><a href=\"https:\/\/legendppf.com\/wp-content\/uploads\/LEGEND-PPF-Select-Cap-Technical-Data-Sheet-Rev1.pdf\"><i><\/i> \u00a0 PPF Select with Cap Technical Data Sheet<\/a><\/p>\r\n\r\n\r\n\r\n<p>Killustikuvastane LEGEND\u00ae PPF Select kile pakub ideaalset kooslust killustikust, putukatest, liivast, soolast ja teistest ohtudest kaitsmisel koos k\u00f5rge l\u00e4ikivuse ja \u00fclemise katte kiire isetaastuvusega. Need suurep\u00e4rased iseloomujooned koos 5-aastase garantiiga on saadavad majanduslikult soodsate hindadega. LEGEND\u00ae PPF Select kaitseb lakiv\u00e4rvitud katet praktiliselt k\u00f5igis klimaatilistes tsoonides ja igasuguste ilmaolude juures. Suurep\u00e4rastele kaitsvatele iseloomujoontele lisaks erinevad LEGEND\u00ae PPF Select kiled paigaldamise lihtsuse poolest, mis on teiste LEGEND\u00ae toodetega identne.<\/p>\r\n<p style=\"margin: 0cm 0cm 22.5pt; line-height: normal; font-size: 11pt; font-family: Calibri; color: #000000; background-image: initial; background-position: initial; background-size: initial; background-repeat: initial; background-attachment: initial; background-origin: initial; background-clip: initial;\">Toote eelised:<\/p>\r\n\r\n\r\n\r\n<ul class=\"wp-block-list\">\r\n<li style=\"margin: 0cm 0cm 8pt; line-height: normal; font-size: 11pt; font-family: Calibri; background-image: initial; background-position: initial; background-size: initial; background-repeat: initial; background-attachment: initial; background-origin: initial; background-clip: initial;\">K\u00f5rge l\u00e4bipaistvus<\/li>\r\n<li style=\"margin: 0cm 0cm 8pt; line-height: normal; font-size: 11pt; font-family: Calibri; background-image: initial; background-position: initial; background-size: initial; background-repeat: initial; background-attachment: initial; background-origin: initial; background-clip: initial;\">Paigalduse erakordne lihtsus<\/li>\r\n<li style=\"margin: 0cm 0cm 8pt; line-height: normal; font-size: 11pt; font-family: Calibri; background-image: initial; background-position: initial; background-size: initial; background-repeat: initial; background-attachment: initial; background-origin: initial; background-clip: initial;\">Suurep\u00e4rane vastupidavus kriimustustele<\/li>\r\n<li style=\"margin: 0cm 0cm 8pt; line-height: normal; font-size: 11pt; font-family: Calibri; background-image: initial; background-position: initial; background-size: initial; background-repeat: initial; background-attachment: initial; background-origin: initial; background-clip: initial;\">Kaitse kollastumise ja laikude eest<\/li>\r\n<li style=\"margin: 0cm 0cm 8pt; line-height: normal; font-size: 11pt; font-family: Calibri; background-image: initial; background-position: initial; background-size: initial; background-repeat: initial; background-attachment: initial; background-origin: initial; background-clip: initial;\">Kiire enesetervenemine<\/li>\r\n<li style=\"margin: 0cm 0cm 8pt; line-height: normal; font-size: 11pt; font-family: Calibri; background-image: initial; background-position: initial; background-size: initial; background-repeat: initial; background-attachment: initial; background-origin: initial; background-clip: initial;\">Vastupidav l\u00e4ige ja pinna puhtus<\/li>\r\n<li style=\"margin: 0cm 0cm 8pt; line-height: normal; font-size: 11pt; font-family: Calibri; background-image: initial; background-position: initial; background-size: initial; background-repeat: initial; background-attachment: initial; background-origin: initial; background-clip: initial;\">Haru standardne 5-aastane garantii*<\/li>\r\n<\/ul>\r\n\r\n\r\n\r\n<figure>\r\n<table>\r\n<tbody>\r\n<tr>\r\n<td><b>F\u00fc\u00fcsilised omadused<\/b><\/td>\r\n<td>\u00a0<\/td>\r\n<td>\u00a0<\/td>\r\n<td>\u00a0<\/td>\r\n<\/tr>\r\n<tr>\r\n<td><b>Omadus<\/b><\/td>\r\n<td><b>V\u00e4\u00e4rtus<\/b><\/td>\r\n<td><b>Standart<\/b><\/td>\r\n<td>\u00a0<\/td>\r\n<\/tr>\r\n<tr>\r\n<td>Katkiminekule vastupidavuse piirv\u00e4\u00e4rtus<\/td>\r\n<td>8200psi<\/td>\r\n<td>ASTM D882<\/td>\r\n<td>\u00a0<\/td>\r\n<\/tr>\r\n<tr>\r\n<td>Maksimaalne pikenemine<\/td>\r\n<td>500%<\/td>\r\n<td>ASTM D882<\/td>\r\n<td>\u00a0<\/td>\r\n<\/tr>\r\n<tr>\r\n<td>Liimi kleepuvuse j\u00f5ud<\/td>\r\n<td>7.2-10.0 lbs\/in<\/td>\r\n<td>ASTM 3330<\/td>\r\n<td>\u00a0<\/td>\r\n<\/tr>\r\n<\/tbody>\r\n<\/table>\r\n<\/figure>\r\n\r\n\r\n\r\n<h4 class=\"wp-block-heading\">LEGEND\u00ae PPF Select Kile \u00dclesehitus: t\u00e4ispaksus keskmiselt 7mil (~175mikroni):<\/h4>\r\n\r\n\r\n\r\n<figure><img decoding=\"async\" src=\"https:\/\/legendppf.com\/wp-content\/uploads\/ppf-select-construction-details.jpg\" alt=\"ppf-select-construction-details\" \/><\/figure>\r\n\r\n\r\n\r\n<p><b>LEGEND\u00ae PPF Select kiire enesetervenemine. <\/b>LEGEND\u00ae isetervenev tasapind on v\u00e4ljat\u00f6\u00f6tatud auto tasapinna l\u00e4ikivuse pikaajaliseks s\u00e4ilitamiseks. Auto normaalse kasutuse (n\u00e4iteks kontaktses autopesulas) tagaj\u00e4rjel tekkinud v\u00e4ikesed kriimustused ja marrastused kaovad soojuse m\u00f5ju all.<\/p>\r\n\r\n\r\n\r\n<p style=\"margin: 0cm 0cm 22.5pt; line-height: normal; background-image: initial; background-position: initial; background-size: initial; background-repeat: initial; background-attachment: initial; background-origin: initial; background-clip: initial;\"><span style=\"font-family: Open Sans;\"><b>LEGEND\u00ae PPF Select Vastupidavus kemikaalidele ja v\u00e4rvimisele.\u00a0 <\/b>LEGEND\u00ae toode on v\u00f5imeline pidada vastu teel ette tulevate kemikaalide suurele kogusele: vahad, \u00f5lid, transsmissioni ja radiaatori vedelikud, aknapuhastajad. Samuti on toode vastupidav happetele, alustele, putukate j\u00e4\u00e4kidele ja linnumustusele.<\/span><\/p>\r\n\r\n\r\n\r\n<p><b>LEGEND\u00ae PPF Select teenimise aeg.<\/b> LEGEND\u00ae kiled on katsetatud QUV ja Xenon testkaameratega. Samuti on need katsetatud vastupidavuseks k\u00f5rgele temperatuurile ja niiskusele, mis lubab pakkuda harus esineva standardse 5-aastase garantii.<\/p>\r\n\r\n\r\n\r\n<p><b>LEGEND\u00ae PPF Select kaitse. <\/b>LEGEND\u00ae kile on katsetatud vastupidavusele, katkiminekule ja v\u00e4ljavenimisele standardsete testide abil. Samuti on kile katsetatud killustiku l\u00f6\u00f6kide vastu vastavate standartide SAE ja ASTM j\u00e4rgi.<\/p>\r\n","protected":false},"excerpt":{"rendered":"<p>\u00a0 PPF Select with Cap Technical Data Sheet Killustikuvastane LEGEND\u00ae PPF Select kile pakub ideaalset kooslust killustikust, putukatest, liivast, soolast ja teistest ohtudest kaitsmisel koos k\u00f5rge l\u00e4ikivuse ja \u00fclemise katte kiire isetaastuvusega. Need suurep\u00e4rased iseloomujooned koos 5-aastase garantiiga on saadavad majanduslikult soodsate hindadega. LEGEND\u00ae PPF Select kaitseb lakiv\u00e4rvitud katet praktiliselt k\u00f5igis klimaatilistes tsoonides ja igasuguste [&hellip;]<\/p>\n","protected":false},"author":2,"featured_media":0,"parent":0,"menu_order":0,"comment_status":"closed","ping_status":"closed","template":"","meta":{"footnotes":""},"class_list":{"0":"post-1316","1":"page","2":"type-page","3":"status-publish","5":"entry"},"_links":{"self":[{"href":"https:\/\/legendppfbaltic.eu\/et\/wp-json\/wp\/v2\/pages\/1316","targetHints":{"allow":["GET"]}}],"collection":[{"href":"https:\/\/legendppfbaltic.eu\/et\/wp-json\/wp\/v2\/pages"}],"about":[{"href":"https:\/\/legendppfbaltic.eu\/et\/wp-json\/wp\/v2\/types\/page"}],"author":[{"embeddable":true,"href":"https:\/\/legendppfbaltic.eu\/et\/wp-json\/wp\/v2\/users\/2"}],"replies":[{"embeddable":true,"href":"https:\/\/legendppfbaltic.eu\/et\/wp-json\/wp\/v2\/comments?post=1316"}],"version-history":[{"count":6,"href":"https:\/\/legendppfbaltic.eu\/et\/wp-json\/wp\/v2\/pages\/1316\/revisions"}],"predecessor-version":[{"id":1332,"href":"https:\/\/legendppfbaltic.eu\/et\/wp-json\/wp\/v2\/pages\/1316\/revisions\/1332"}],"wp:attachment":[{"href":"https:\/\/legendppfbaltic.eu\/et\/wp-json\/wp\/v2\/media?parent=1316"}],"curies":[{"name":"wp","href":"https:\/\/api.w.org\/{rel}","templated":true}]}}