{"id":1329,"date":"2021-03-27T14:20:14","date_gmt":"2021-03-27T14:20:14","guid":{"rendered":"https:\/\/legendppfbaltic.eu\/?page_id=1329"},"modified":"2022-11-23T13:24:36","modified_gmt":"2022-11-23T13:24:36","slug":"ppf-selekt","status":"publish","type":"page","link":"https:\/\/legendppfbaltic.eu\/ru\/ppf-selekt\/","title":{"rendered":"PPF \u0421\u0435\u043b\u0435\u043a\u0442"},"content":{"rendered":"\r\n<p><a href=\"https:\/\/legendppf.com\/wp-content\/uploads\/LEGEND-PPF-Select-Cap-Technical-Data-Sheet-Rev1.pdf\"><i><\/i>\u00a0 \u00a0<\/a>\u0410\u043d\u0442\u0438\u0433\u0440\u0430\u0432\u0438\u0439\u043d\u0430\u044f \u043f\u043b\u0435\u043d\u043a\u0430 LEGEND\u00ae PPF Select \u043f\u0440\u0435\u0434\u043b\u0430\u0433\u0430\u0435\u0442 \u0438\u0434\u0435\u0430\u043b\u044c\u043d\u043e\u0435 \u0441\u043e\u0447\u0435\u0442\u0430\u043d\u0438\u0435 \u0437\u0430\u0449\u0438\u0442\u044b \u043e\u0442 \u0433\u0440\u0430\u0432\u0438\u044f, \u043d\u0430\u0441\u0435\u043a\u043e\u043c\u044b\u0445, \u043f\u0435\u0441\u043a\u0430, \u0441\u043e\u043b\u0438 \u0438 \u0434\u0440\u0443\u0433\u0438\u0445 \u043e\u043f\u0430\u0441\u043d\u043e\u0441\u0442\u0435\u0439, \u0432 \u0441\u043e\u0447\u0435\u0442\u0430\u043d\u0438\u0438 \u0441 \u0432\u044b\u0441\u043e\u043a\u0438\u043c \u0431\u043b\u0435\u0441\u043a\u043e\u043c \u0438 \u0431\u044b\u0441\u0442\u0440\u044b\u043c \u0441\u0430\u043c\u043e\u0432\u043e\u0441\u0441\u0442\u0430\u043d\u043e\u0432\u043b\u0435\u043d\u0438\u0435\u043c \u0432\u0435\u0440\u0445\u043d\u0435\u0433\u043e \u043f\u043e\u043a\u0440\u044b\u0442\u0438\u044f. \u042d\u0442\u0438 \u0432\u0435\u043b\u0438\u043a\u043e\u043b\u0435\u043f\u043d\u044b\u0435 \u0445\u0430\u0440\u0430\u043a\u0442\u0435\u0440\u0438\u0441\u0442\u0438\u043a\u0438 \u0432 \u0441\u043e\u0447\u0435\u0442\u0430\u043d\u0438\u0438 \u0441 5-\u0442\u0438 \u043b\u0435\u0442\u043d\u0435\u0439 \u0433\u0430\u0440\u0430\u043d\u0442\u0438\u0435\u0439 \u0434\u043e\u0441\u0442\u0443\u043f\u043d\u044b \u043f\u043e \u044d\u043a\u043e\u043d\u043e\u043c\u0438\u0447\u0435\u0441\u043a\u0438 \u0432\u044b\u0433\u043e\u0434\u043d\u044b\u043c \u0446\u0435\u043d\u0430\u043c. LEGEND\u00ae PPF Select \u0437\u0430\u0449\u0438\u0449\u0430\u0435\u0442 \u043b\u0430\u043a\u043e\u043a\u0440\u0430\u0441\u043e\u0447\u043d\u043e\u0435 \u043f\u043e\u043a\u0440\u044b\u0442\u0438\u0435 \u0432 \u043f\u0440\u0430\u043a\u0442\u0438\u0447\u0435\u0441\u043a\u0438 \u043b\u044e\u0431\u044b\u0445 \u043a\u043b\u0438\u043c\u0430\u0442\u0438\u0447\u0435\u0441\u043a\u0438\u0445 \u0437\u043e\u043d\u0430\u0445 \u0438 \u043f\u0440\u0438 \u043b\u044e\u0431\u044b\u0445 \u043f\u043e\u0433\u043e\u0434\u043d\u044b\u0445 \u0443\u0441\u043b\u043e\u0432\u0438\u044f\u0445. \u0412 \u0434\u043e\u043f\u043e\u043b\u043d\u0435\u043d\u0438\u0435 \u043a \u043f\u0440\u0435\u043a\u0440\u0430\u0441\u043d\u044b\u043c \u0437\u0430\u0449\u0438\u0442\u043d\u044b\u043c \u0445\u0430\u0440\u0430\u043a\u0442\u0435\u0440\u0438\u0441\u0442\u0438\u043a\u0430\u043c \u043f\u043b\u0451\u043d\u043a\u0438 LEGEND\u00ae PPF Select \u043e\u0442\u043b\u0438\u0447\u0430\u044e\u0442\u0441\u044f \u043b\u0435\u0433\u043a\u043e\u0441\u0442\u044c\u044e \u0443\u0441\u0442\u0430\u043d\u043e\u0432\u043a\u0438, \u0438\u0434\u0435\u043d\u0442\u0438\u0447\u043d\u043e\u0439 \u0434\u0440\u0443\u0433\u0438\u043c \u043f\u0440\u043e\u0434\u0443\u043a\u0442\u0430\u043c LEGEND\u00ae.<\/p>\r\n<p style=\"box-sizing: inherit; font-family: 'Open Sans', sans-serif;\">\u041f\u0440\u0435\u0438\u043c\u0443\u0449\u0435\u0441\u0442\u0432\u0430 \u043f\u0440\u043e\u0434\u0443\u043a\u0442\u0430:<\/p>\r\n<ul style=\"font-family: 'Open Sans', sans-serif;\">\r\n<li style=\"box-sizing: inherit;\">\u0412\u044b\u0441\u043e\u043a\u0430\u044f \u043f\u0440\u043e\u0437\u0440\u0430\u0447\u043d\u043e\u0441\u0442\u044c<\/li>\r\n<li style=\"box-sizing: inherit;\">\u041d\u0435\u043e\u0431\u044b\u0447\u0430\u0439\u043d\u0430\u044f \u043b\u0451\u0433\u043a\u043e\u0441\u0442\u044c \u0443\u0441\u0442\u0430\u043d\u043e\u0432\u043a\u0438<\/li>\r\n<li style=\"box-sizing: inherit;\">\u0412\u0435\u043b\u0438\u043a\u043e\u043b\u0435\u043f\u043d\u0430\u044f \u0443\u0441\u0442\u043e\u0439\u0447\u0438\u0432\u043e\u0441\u0442\u044c \u043a \u0446\u0430\u0440\u0430\u043f\u0438\u043d\u0430\u043c<\/li>\r\n<li style=\"box-sizing: inherit;\">\u0417\u0430\u0449\u0438\u0442\u0430 \u043e\u0442 \u043f\u043e\u0436\u0435\u043b\u0442\u0435\u043d\u0438\u044f \u0438 \u043f\u044f\u0442\u0435\u043d<\/li>\r\n<li style=\"box-sizing: inherit;\">\u0411\u044b\u0441\u0442\u0440\u043e\u0435 \u0441\u0430\u043c\u043e\u0437\u0430\u0436\u0438\u0432\u043b\u0435\u043d\u0438\u0435<\/li>\r\n<li style=\"box-sizing: inherit;\">\u0423\u0441\u0442\u043e\u0439\u0447\u0438\u0432\u044b\u0439 \u0433\u043b\u044f\u043d\u0435\u0446 \u0438 \u0447\u0438\u0441\u0442\u043e\u0442\u0430 \u043f\u043e\u0432\u0435\u0440\u0445\u043d\u043e\u0441\u0442\u0438<\/li>\r\n<li style=\"box-sizing: inherit;\">\u0421\u0442\u0430\u043d\u0434\u0430\u0440\u0442\u043d\u0430\u044f \u0432 \u043e\u0442\u0440\u0430\u0441\u043b\u0438 5-\u0442\u0438 \u043b\u0435\u0442\u043d\u044f\u044f \u0433\u0430\u0440\u0430\u043d\u0442\u0438\u044f*<\/li>\r\n<\/ul>\r\n<figure style=\"box-sizing: inherit; font-family: 'Open Sans', sans-serif;\">\r\n<table style=\"box-sizing: inherit; width: 780px;\">\r\n<tbody style=\"box-sizing: inherit;\">\r\n<tr style=\"box-sizing: inherit;\">\r\n<td style=\"box-sizing: inherit; border-top-color: #eeeeee; padding: 6px 6px 6px 0px;\">\u0424\u0438\u0437\u0438\u0447\u0435\u0441\u043a\u0438\u0435 \u0441\u0432\u043e\u0439\u0441\u0442\u0432\u0430<\/td>\r\n<td style=\"box-sizing: inherit; border-top-color: #eeeeee; padding: 6px;\">\u00a0<\/td>\r\n<td style=\"box-sizing: inherit; border-top-color: #eeeeee; padding: 6px;\">\u00a0<\/td>\r\n<td style=\"box-sizing: inherit; border-top-color: #eeeeee; padding: 6px;\">\u00a0<\/td>\r\n<\/tr>\r\n<tr style=\"box-sizing: inherit;\">\r\n<td style=\"box-sizing: inherit; border-top-color: #eeeeee; padding: 6px 6px 6px 0px;\">\u0421\u0432\u043e\u0439\u0441\u0442\u0432\u043e<\/td>\r\n<td style=\"box-sizing: inherit; border-top-color: #eeeeee; padding: 6px;\">\u0417\u043d\u0430\u0447\u0435\u043d\u0438\u0435<\/td>\r\n<td style=\"box-sizing: inherit; border-top-color: #eeeeee; padding: 6px;\">\u0421\u0442\u0430\u043d\u0434\u0430\u0440\u0442<\/td>\r\n<td style=\"box-sizing: inherit; border-top-color: #eeeeee; padding: 6px;\">\u00a0<\/td>\r\n<\/tr>\r\n<tr style=\"box-sizing: inherit;\">\r\n<td style=\"box-sizing: inherit; border-top-color: #eeeeee; padding: 6px 6px 6px 0px;\">\u041f\u0440\u0435\u0434\u0435\u043b \u043f\u0440\u043e\u0447\u043d\u043e\u0441\u0442\u0438 \u043d\u0430 \u0440\u0430\u0437\u0440\u044b\u0432<\/td>\r\n<td style=\"box-sizing: inherit; border-top-color: #eeeeee; padding: 6px;\">8200psi<\/td>\r\n<td style=\"box-sizing: inherit; border-top-color: #eeeeee; padding: 6px;\">ASTM D882<\/td>\r\n<td style=\"box-sizing: inherit; border-top-color: #eeeeee; padding: 6px;\">\u00a0<\/td>\r\n<\/tr>\r\n<tr style=\"box-sizing: inherit;\">\r\n<td style=\"box-sizing: inherit; border-top-color: #eeeeee; padding: 6px 6px 6px 0px;\">\u041c\u0430\u043a\u0441\u0438\u043c\u0430\u043b\u044c\u043d\u043e\u0435 \u0443\u0434\u043b\u0438\u043d\u0435\u043d\u0438\u0435<\/td>\r\n<td style=\"box-sizing: inherit; border-top-color: #eeeeee; padding: 6px;\">500%<\/td>\r\n<td style=\"box-sizing: inherit; border-top-color: #eeeeee; padding: 6px;\">ASTM D882<\/td>\r\n<td style=\"box-sizing: inherit; border-top-color: #eeeeee; padding: 6px;\">\u00a0<\/td>\r\n<\/tr>\r\n<tr style=\"box-sizing: inherit;\">\r\n<td style=\"box-sizing: inherit; border-top-color: #eeeeee; padding: 6px 6px 6px 0px;\">\u0421\u0438\u043b\u0430 \u043f\u0440\u0438\u043b\u0438\u043f\u0430\u043d\u0438\u044f \u043a\u043b\u0435\u044f<\/td>\r\n<td style=\"box-sizing: inherit; border-top-color: #eeeeee; padding: 6px;\">7.2-10.0 lbs\/in<\/td>\r\n<td style=\"box-sizing: inherit; border-top-color: #eeeeee; padding: 6px;\">ASTM 3330<\/td>\r\n<td style=\"box-sizing: inherit; border-top-color: #eeeeee; padding: 6px;\">\u00a0<\/td>\r\n<\/tr>\r\n<\/tbody>\r\n<\/table>\r\n<\/figure>\r\n<p style=\"box-sizing: inherit; font-family: 'Open Sans', sans-serif;\">LEGEND\u00ae PPF Select \u0421\u0442\u0440\u043e\u0435\u043d\u0438\u0435 \u041f\u043b\u0451\u043d\u043a\u0438: \u043f\u043e\u043b\u043d\u0430\u044f \u0442\u043e\u043b\u0449\u0438\u043d\u0430 \u0432 \u0441\u0440\u0435\u0434\u043d\u0435\u043c 7\u043c\u0438\u043b (~175\u043c\u0438\u043a\u0440\u043e\u043d):<\/p>\r\n\r\n\r\n\r\n<figure><img decoding=\"async\" src=\"https:\/\/legendppf.com\/wp-content\/uploads\/ppf-select-construction-details.jpg\" alt=\"ppf-select-construction-details\" \/><\/figure>\r\n\r\n\r\n\r\n<p><b>LEGEND\u00ae PPF Select kiire enesetervenemine. <\/b>LEGEND\u00ae isetervenev tasapind on v\u00e4ljat\u00f6\u00f6tatud auto tasapinna l\u00e4ikivuse pikaajaliseks s\u00e4ilitamiseks. Auto normaalse kasutuse (n\u00e4iteks kontaktses autopesulas) tagaj\u00e4rjel tekkinud v\u00e4ikesed kriimustused ja marrastused kaovad soojuse m\u00f5ju all.<\/p>\r\n\r\n\r\n\r\n<p style=\"margin: 0cm 0cm 22.5pt; line-height: normal; background-image: initial; background-position: initial; background-size: initial; background-repeat: initial; background-attachment: initial; background-origin: initial; background-clip: initial;\"><b>LEGEND\u00ae PPF Select Vastupidavus kemikaalidele ja v\u00e4rvimisele.\u00a0 <\/b>LEGEND\u00ae toode on v\u00f5imeline pidada vastu teel ette tulevate kemikaalide suurele kogusele: vahad, \u00f5lid, transsmissioni ja radiaatori vedelikud, aknapuhastajad. Samuti on toode vastupidav happetele, alustele, putukate j\u00e4\u00e4kidele ja linnumustusele.<\/p>\r\n\r\n\r\n\r\n<p><b>LEGEND\u00ae PPF Select teenimise aeg.<\/b> LEGEND\u00ae kiled on katsetatud QUV ja Xenon testkaameratega. Samuti on need katsetatud vastupidavuseks k\u00f5rgele temperatuurile ja niiskusele, mis lubab pakkuda harus esineva standardse 5-aastase garantii.<\/p>\r\n\r\n\r\n\r\n<p><b>LEGEND\u00ae PPF Select kaitse. <\/b>LEGEND\u00ae kile on katsetatud vastupidavusele, katkiminekule ja v\u00e4ljavenimisele standardsete testide abil. Samuti on kile katsetatud killustiku l\u00f6\u00f6kide vastu vastavate standartide SAE ja ASTM j\u00e4rgi.LEGEND\u00ae PPF Select \u0431\u044b\u0441\u0442\u0440\u043e\u0435 \u0441\u0430\u043c\u043e\u0437\u0430\u0436\u0438\u0432\u043b\u0435\u043d\u0438\u0435.\u00a0\u0421\u0430\u043c\u043e\u0437\u0430\u0436\u0438\u0432\u043b\u044f\u044e\u0449\u0430\u044f\u0441\u044f \u043f\u043e\u0432\u0435\u0440\u0445\u043d\u043e\u0441\u0442\u044c LEGEND\u00ae \u0440\u0430\u0437\u0440\u0430\u0431\u043e\u0442\u0430\u043d\u0430 \u0434\u043b\u044f \u043c\u043d\u043e\u0433\u043e\u043b\u0435\u0442\u043d\u0435\u0433\u043e \u0441\u043e\u0445\u0440\u0430\u043d\u0435\u043d\u0438\u044f \u0433\u043b\u044f\u043d\u0446\u0430 \u043f\u043e\u0432\u0435\u0440\u0445\u043d\u043e\u0441\u0442\u0438 \u0430\u0432\u0442\u043e\u043c\u043e\u0431\u0438\u043b\u044f. \u041d\u0435\u0431\u043e\u043b\u044c\u0448\u0438\u0435 \u0446\u0430\u0440\u0430\u043f\u0438\u043d\u044b \u0438 \u043f\u043e\u0442\u0435\u0440\u0442\u043e\u0441\u0442\u0438, \u043e\u0431\u0440\u0430\u0437\u0443\u044e\u0449\u0438\u0435\u0441\u044f \u0432 \u0440\u0435\u0437\u0443\u043b\u044c\u0442\u0430\u0442\u0435 \u043d\u043e\u0440\u043c\u0430\u043b\u044c\u043d\u043e\u0433\u043e \u0438\u0441\u043f\u043e\u043b\u044c\u0437\u043e\u0432\u0430\u043d\u0438\u044f \u0430\u0432\u0442\u043e\u043c\u043e\u0431\u0438\u043b\u044f (\u043d\u0430\u043f\u0440\u0438\u043c\u0435\u0440, \u0432 \u043a\u043e\u043d\u0442\u0430\u043a\u0442\u043d\u043e\u0439 \u0430\u0432\u0442\u043e\u043c\u043e\u0439\u043a\u0435) \u0438\u0441\u0447\u0435\u0437\u0430\u044e\u0442 \u043f\u043e\u0434 \u0432\u043e\u0437\u0434\u0435\u0439\u0441\u0442\u0432\u0438\u0435\u043c \u0442\u0435\u043f\u043b\u0430. \u00a0<\/p>\r\n<article style=\"box-sizing: inherit;\" aria-label=\"PPF \u0421\u0435\u043b\u0435\u043a\u0442\">\r\n<p style=\"box-sizing: inherit;\">LEGEND\u00ae PPF Select \u0423\u0441\u0442\u043e\u0439\u0447\u0438\u0432\u043e\u0441\u0442\u044c \u043a \u0445\u0438\u043c\u0438\u043a\u0430\u0442\u0430\u043c \u0438 \u043e\u043a\u0440\u0430\u0448\u0438\u0432\u0430\u043d\u0438\u044e.\u00a0\u041f\u0440\u043e\u0434\u0443\u043a\u0442 LEGEND\u00ae \u0441\u043f\u043e\u0441\u043e\u0431\u0435\u043d \u0443\u0441\u0442\u043e\u044f\u0442\u044c \u043f\u0435\u0440\u0435\u0434 \u0431\u043e\u043b\u044c\u0448\u0438\u043c \u043a\u043e\u043b\u0438\u0447\u0435\u0441\u0442\u0432\u043e\u043c \u0445\u0438\u043c\u0438\u043a\u0430\u0442\u043e\u0432, \u043a\u043e\u0442\u043e\u0440\u044b\u0435 \u043c\u043e\u0433\u0443\u0442 \u0432\u0441\u0442\u0440\u0435\u0442\u0438\u0442\u044c\u0441\u044f \u043d\u0430 \u0434\u043e\u0440\u043e\u0433\u0435: \u0441\u043c\u043e\u043b\u044b, \u043c\u0430\u0441\u043b\u0430, \u0442\u0440\u0430\u043d\u0441\u043c\u0438\u0441\u0441\u0438\u043e\u043d\u043d\u0430\u044f \u0438 \u0440\u0430\u0434\u0438\u0430\u0442\u043e\u0440\u043d\u0430\u044f \u0436\u0438\u0434\u043a\u043e\u0441\u0442\u0438, \u0441\u0442\u0435\u043a\u043b\u043e\u043e\u0447\u0438\u0441\u0442\u0438\u0442\u0435\u043b\u0438. \u041f\u0440\u043e\u0434\u0443\u043a\u0442 \u0442\u0430\u043a\u0436\u0435 \u0443\u0441\u0442\u043e\u0439\u0447\u0438\u0432 \u043a \u043a\u0438\u0441\u043b\u043e\u0442\u0430\u043c, \u0449\u0435\u043b\u043e\u0447\u0430\u043c, \u043e\u0441\u0442\u0430\u0442\u043a\u0430\u043c \u043d\u0430\u0441\u0435\u043a\u043e\u043c\u044b\u0445 \u0438 \u043f\u0442\u0438\u0447\u044c\u0435\u043c\u0443 \u043f\u043e\u043c\u0451\u0442\u0443.<\/p>\r\n<p style=\"box-sizing: inherit;\">LEGEND\u00ae PPF Select \u0441\u0440\u043e\u043a \u0441\u043b\u0443\u0436\u0431\u044b.\u00a0\u041f\u043b\u0451\u043d\u043a\u0438 LEGEND\u00ae \u0438\u0441\u043f\u044b\u0442\u0430\u043d\u044b \u0442\u0435\u0441\u0442\u043e\u0432\u044b\u043c\u0438 \u043a\u0430\u043c\u0435\u0440\u0430\u043c\u0438 QUV \u0438 Xenon, \u0430 \u0442\u0430\u043a\u0436\u0435 \u0438\u0441\u043f\u044b\u0442\u0430\u043d\u044b \u043d\u0430 \u0443\u0441\u0442\u043e\u0439\u0447\u0438\u0432\u043e\u0441\u0442\u044c \u043a \u0432\u044b\u0441\u043e\u043a\u043e\u0439 \u0442\u0435\u043c\u043f\u0435\u0440\u0430\u0442\u0443\u0440\u0435 \u0438 \u0432\u043b\u0430\u0436\u043d\u043e\u0441\u0442\u0438, \u0447\u0442\u043e \u043f\u043e\u0437\u0432\u043e\u043b\u044f\u0435\u0442 \u043f\u0440\u0435\u0434\u043b\u043e\u0436\u0438\u0442\u044c \u0441\u0442\u0430\u043d\u0434\u0430\u0440\u0442\u043d\u0443\u044e \u0432 \u043e\u0442\u0440\u0430\u0441\u043b\u0438 5-\u0442\u0438 \u043b\u0435\u0442\u043d\u044e\u044e \u0433\u0430\u0440\u0430\u043d\u0442\u0438\u044e.<\/p>\r\n<p style=\"box-sizing: inherit;\">LEGEND\u00ae PPF Select \u0437\u0430\u0449\u0438\u0442\u0430.\u00a0\u041f\u043b\u0435\u043d\u043a\u0430 LEGEND\u00ae \u0438\u0441\u043f\u044b\u0442\u0430\u043d\u0430 \u0441 \u043f\u043e\u043c\u043e\u0449\u044c\u044e \u0441\u0442\u0430\u043d\u0434\u0430\u0440\u0442\u043d\u044b\u0445 \u0442\u0435\u0441\u0442\u043e\u0432 \u043d\u0430 \u043f\u0440\u043e\u0447\u043d\u043e\u0441\u0442\u044c, \u043d\u0430 \u0440\u0430\u0437\u0440\u044b\u0432, \u043d\u0430 \u0440\u0430\u0441\u0442\u044f\u0436\u0435\u043d\u0438\u0435, \u0430 \u0442\u0430\u043a\u0436\u0435 \u0442\u0435\u0441\u0442\u043e\u043c \u0443\u0441\u0442\u043e\u0439\u0447\u0438\u0432\u043e\u0441\u0442\u0438 \u043a \u0443\u0434\u0430\u0440\u0430\u043c \u0433\u0440\u0430\u0432\u0438\u044f \u043f\u043e \u0441\u043e\u043e\u0442\u0432\u0435\u0442\u0441\u0442\u0432\u0443\u044e\u0449\u0438\u043c \u0441\u0442\u0430\u043d\u0434\u0430\u0440\u0442\u0430\u043c SAE \u0438 ASTM.<\/p>\r\n<\/article>\r\n<p>&nbsp;<\/p>\r\n","protected":false},"excerpt":{"rendered":"<p>\u00a0 \u00a0\u0410\u043d\u0442\u0438\u0433\u0440\u0430\u0432\u0438\u0439\u043d\u0430\u044f \u043f\u043b\u0435\u043d\u043a\u0430 LEGEND\u00ae PPF Select \u043f\u0440\u0435\u0434\u043b\u0430\u0433\u0430\u0435\u0442 \u0438\u0434\u0435\u0430\u043b\u044c\u043d\u043e\u0435 \u0441\u043e\u0447\u0435\u0442\u0430\u043d\u0438\u0435 \u0437\u0430\u0449\u0438\u0442\u044b \u043e\u0442 \u0433\u0440\u0430\u0432\u0438\u044f, \u043d\u0430\u0441\u0435\u043a\u043e\u043c\u044b\u0445, \u043f\u0435\u0441\u043a\u0430, \u0441\u043e\u043b\u0438 \u0438 \u0434\u0440\u0443\u0433\u0438\u0445 \u043e\u043f\u0430\u0441\u043d\u043e\u0441\u0442\u0435\u0439, \u0432 \u0441\u043e\u0447\u0435\u0442\u0430\u043d\u0438\u0438 \u0441 \u0432\u044b\u0441\u043e\u043a\u0438\u043c \u0431\u043b\u0435\u0441\u043a\u043e\u043c \u0438 \u0431\u044b\u0441\u0442\u0440\u044b\u043c \u0441\u0430\u043c\u043e\u0432\u043e\u0441\u0441\u0442\u0430\u043d\u043e\u0432\u043b\u0435\u043d\u0438\u0435\u043c \u0432\u0435\u0440\u0445\u043d\u0435\u0433\u043e \u043f\u043e\u043a\u0440\u044b\u0442\u0438\u044f. \u042d\u0442\u0438 \u0432\u0435\u043b\u0438\u043a\u043e\u043b\u0435\u043f\u043d\u044b\u0435 \u0445\u0430\u0440\u0430\u043a\u0442\u0435\u0440\u0438\u0441\u0442\u0438\u043a\u0438 \u0432 \u0441\u043e\u0447\u0435\u0442\u0430\u043d\u0438\u0438 \u0441 5-\u0442\u0438 \u043b\u0435\u0442\u043d\u0435\u0439 \u0433\u0430\u0440\u0430\u043d\u0442\u0438\u0435\u0439 \u0434\u043e\u0441\u0442\u0443\u043f\u043d\u044b \u043f\u043e \u044d\u043a\u043e\u043d\u043e\u043c\u0438\u0447\u0435\u0441\u043a\u0438 \u0432\u044b\u0433\u043e\u0434\u043d\u044b\u043c \u0446\u0435\u043d\u0430\u043c. LEGEND\u00ae PPF Select \u0437\u0430\u0449\u0438\u0449\u0430\u0435\u0442 \u043b\u0430\u043a\u043e\u043a\u0440\u0430\u0441\u043e\u0447\u043d\u043e\u0435 \u043f\u043e\u043a\u0440\u044b\u0442\u0438\u0435 \u0432 \u043f\u0440\u0430\u043a\u0442\u0438\u0447\u0435\u0441\u043a\u0438 \u043b\u044e\u0431\u044b\u0445 \u043a\u043b\u0438\u043c\u0430\u0442\u0438\u0447\u0435\u0441\u043a\u0438\u0445 \u0437\u043e\u043d\u0430\u0445 \u0438 \u043f\u0440\u0438 [&hellip;]<\/p>\n","protected":false},"author":2,"featured_media":0,"parent":0,"menu_order":0,"comment_status":"closed","ping_status":"closed","template":"","meta":{"footnotes":""},"class_list":{"0":"post-1329","1":"page","2":"type-page","3":"status-publish","5":"entry"},"_links":{"self":[{"href":"https:\/\/legendppfbaltic.eu\/ru\/wp-json\/wp\/v2\/pages\/1329","targetHints":{"allow":["GET"]}}],"collection":[{"href":"https:\/\/legendppfbaltic.eu\/ru\/wp-json\/wp\/v2\/pages"}],"about":[{"href":"https:\/\/legendppfbaltic.eu\/ru\/wp-json\/wp\/v2\/types\/page"}],"author":[{"embeddable":true,"href":"https:\/\/legendppfbaltic.eu\/ru\/wp-json\/wp\/v2\/users\/2"}],"replies":[{"embeddable":true,"href":"https:\/\/legendppfbaltic.eu\/ru\/wp-json\/wp\/v2\/comments?post=1329"}],"version-history":[{"count":2,"href":"https:\/\/legendppfbaltic.eu\/ru\/wp-json\/wp\/v2\/pages\/1329\/revisions"}],"predecessor-version":[{"id":1422,"href":"https:\/\/legendppfbaltic.eu\/ru\/wp-json\/wp\/v2\/pages\/1329\/revisions\/1422"}],"wp:attachment":[{"href":"https:\/\/legendppfbaltic.eu\/ru\/wp-json\/wp\/v2\/media?parent=1329"}],"curies":[{"name":"wp","href":"https:\/\/api.w.org\/{rel}","templated":true}]}}